{"id":2623,"date":"2015-04-10T14:52:18","date_gmt":"2015-04-10T13:52:18","guid":{"rendered":"https:\/\/silkeselenium.se\/oskar\/?page_id=2623"},"modified":"2019-10-29T17:02:45","modified_gmt":"2019-10-29T16:02:45","slug":"konstnarshuset","status":"publish","type":"page","link":"https:\/\/silkeselenium.se\/oskar\/exhibition\/konstnarshuset\/","title":{"rendered":"Konstn\u00e4rshuset"},"content":{"rendered":"<p>FOTO I KONSTEN P\u00c5 KONSTN\u00c4RSHUSET<\/p>\n<p>Konstn\u00e4rshuset\/SKF bjuder in tre framst\u00e5ende fotografer som representerar olika stilar och tekniker.<\/p>\n<p>Oskar Ohlson | Henrik Montgomery | Ewa-Mari Johansson<br \/>\nFOTOGRAFI P\u00c5 KONSTN\u00c4RSHUSET | 15 april \u2013 30 april 2015<\/p>\n<p>Vernissage 15 April 17-19.00 | Temakv\u00e4ll 21 april 17.30 | Temakv\u00e4ll 29 april 17.30<\/p>\n<p>Oskar Ohlson visar konst- och dokument\u00e4rbilder fr\u00e5n olika projekt med olika tekniker som silvergelatin, albumin, saltpapper, samt olika sorts toningar. Utst\u00e4llningar i urval, Nationalmuseum Stockholm, V\u00e5rsalongen Stockholm, Cable Factory Helsingfors, Arkitekturmuseum. silkeselenium.se\/oskar<\/p>\n<p>Henrik Montgomery visar bilder ur boken Statsministern. Utst\u00e4llningar i urval, Arbetets Museum Norrk\u00f6ping, Fotografiska Stockholm, Museu Nacional do Desporto Lissabon. henrikmontgomery.com<\/p>\n<p>Ewa-Mari Johansson visar bilder fr\u00e5n Fragments of My Life och Tree of Life. Utst\u00e4llningar i urval Diaframma Milano, Fresolo Museum Florence, Etnografiska Museet Stockholm, Dunkers Kulturhus Helsingborg. ewa-mari-johansson.com<\/p>\n<p>Temakv\u00e4llar. Under utst\u00e4llningsperioden bjuds det in till tv\u00e5 temakv\u00e4llar med samtal och fr\u00e5gest\u00e4llningar kring FOTO I KONSTEN. Vad k\u00f6per vi och vad s\u00e4ljer fotografen? Samtalet kommer handla om analoga kontra digitala original, olika printtekniker och papperskvalitet. Men \u00e4ven upplaga, numrering, storlekar samt olika typer av montering.<\/p>\n<p>TEMAKV\u00c4LL | Tisdagen den 21 april kl.17.30 | Konstn\u00e4rshusets Lilla Galleriet Mia Bengtsson Plynning fr\u00e5n Linkimage samtalar med Oskar Ohlson, Henrik Montgomery och Ewa-Mari Johansson. OSA senast den 17 april till info@konstnarshuset.org eller 08-611 10 09.<\/p>\n<p>TEMAKV\u00c4LL | Onsdagen den 29 april kl.17.30 | Konstn\u00e4rshusets Lilla Galleriet Rebecka Dahl\u00e9n fr\u00e5n Bilder Till Salu samtalar med Oskar Ohlson , Ewa-Mari Johansson och Henrik Montgomery.OSA senast den 24 april till info@konstnarshuset.org eller 08-611 10 09.<\/p>\n<p>VERNISSAGE | Onsdagen den 15 april kl.17.00-19.00 | Konstn\u00e4rshusets Lilla Galleriet 3 tr.<\/p>\n<p>V\u00c4LKOMMEN!<\/p>\n<p>\u00d6ppettider: onsdag-torsdag 12-17 fredag-s\u00f6ndag 12-16<\/p>\n<p>Sm\u00e5landsgatan 7, 111 46 Stockholm, 08-611 10 09, \u00d6ppet: onsdag-torsdag 12-17 fredag-s\u00f6ndag 12-16<\/p>\n","protected":false},"excerpt":{"rendered":"<p>FOTO I KONSTEN P\u00c5 KONSTN\u00c4RSHUSET Konstn\u00e4rshuset\/SKF bjuder in tre framst\u00e5ende fotografer som representerar olika stilar och tekniker. Oskar Ohlson | Henrik Montgomery | Ewa-Mari Johansson FOTOGRAFI P\u00c5 KONSTN\u00c4RSHUSET | 15 april \u2013 30 april 2015 Vernissage 15 April 17-19.00 | Temakv\u00e4ll 21 april 17.30 | Temakv\u00e4ll 29 april 17.30 Oskar Ohlson visar konst- och dokument\u00e4rbilder&#8230;  <a class=\"excerpt-read-more\" href=\"https:\/\/silkeselenium.se\/oskar\/exhibition\/konstnarshuset\/\" title=\"Read Konstn\u00e4rshuset\">Read more &raquo;<\/a><\/p>\n","protected":false},"author":1,"featured_media":0,"parent":3151,"menu_order":0,"comment_status":"open","ping_status":"open","template":"","meta":{"_acf_changed":false,"ngg_post_thumbnail":0,"footnotes":""},"class_list":["post-2623","page","type-page","status-publish","hentry"],"acf":[],"_links":{"self":[{"href":"https:\/\/silkeselenium.se\/oskar\/wp-json\/wp\/v2\/pages\/2623","targetHints":{"allow":["GET"]}}],"collection":[{"href":"https:\/\/silkeselenium.se\/oskar\/wp-json\/wp\/v2\/pages"}],"about":[{"href":"https:\/\/silkeselenium.se\/oskar\/wp-json\/wp\/v2\/types\/page"}],"author":[{"embeddable":true,"href":"https:\/\/silkeselenium.se\/oskar\/wp-json\/wp\/v2\/users\/1"}],"replies":[{"embeddable":true,"href":"https:\/\/silkeselenium.se\/oskar\/wp-json\/wp\/v2\/comments?post=2623"}],"version-history":[{"count":2,"href":"https:\/\/silkeselenium.se\/oskar\/wp-json\/wp\/v2\/pages\/2623\/revisions"}],"predecessor-version":[{"id":2933,"href":"https:\/\/silkeselenium.se\/oskar\/wp-json\/wp\/v2\/pages\/2623\/revisions\/2933"}],"up":[{"embeddable":true,"href":"https:\/\/silkeselenium.se\/oskar\/wp-json\/wp\/v2\/pages\/3151"}],"wp:attachment":[{"href":"https:\/\/silkeselenium.se\/oskar\/wp-json\/wp\/v2\/media?parent=2623"}],"curies":[{"name":"wp","href":"https:\/\/api.w.org\/{rel}","templated":true}]}}