{"id":2408,"date":"2014-12-01T22:21:03","date_gmt":"2014-12-01T21:21:03","guid":{"rendered":"https:\/\/silkeselenium.se\/oskar\/?page_id=2408"},"modified":"2019-10-29T16:45:43","modified_gmt":"2019-10-29T15:45:43","slug":"sundsvalls-fotomuseum","status":"publish","type":"page","link":"https:\/\/silkeselenium.se\/oskar\/exhibition\/sundsvalls-fotomuseum\/","title":{"rendered":"Sundsvalls Fotomuseum"},"content":{"rendered":"<p>Oskar \u00e5kte till Kuba och fotograferade, men bilderna kunde lika v\u00e4l vara fr\u00e5n Mallorca, Paris eller Sveg.\u00a0 Oskars fotografier \u00e4r utan geografisk koppling.\u00a0 De \u00e4r visuella experiment d\u00e4r tid, rum och plats upph\u00f6r att vara det inneh\u00e5llsm\u00e4ssigt viktiga.<\/p>\n<p>Det existerar ett romantiskt skimmer \u00f6ver Oskars bilder.\u00a0 Likt Caspar David Friedrish m\u00e5leri eller romantikens litteratur, s\u00e5 etsar och tecknar Oskar en k\u00e4nsla, snarare \u00e4n ett dokument\u00e4rt visuellt objekt.\u00a0 Oskar etsar, likt de tidiga fotograferna i allm\u00e4nhet och Julia Margaret Cameron i synnerhet,\u00a0 en bild av v\u00e4rlden i silver och svart. \u00a0Att fotografera har ofta f\u00f6rklarats som att teckna eller rita med ljuset, i en v\u00e4rld full av teknik och d\u00e4r handkraft ofta har \u00f6verg\u00e5tt i antalet mega bite, s\u00e5 k\u00e4nns det som om Oskars bilder verkligen ritar med ljus<\/p>\n<p>De romantiska bilderna ger ingen enkel \u00f6vers\u00e4ttning av v\u00e4rlden, utan tvingar betraktaren till en djupare studie.\u00a0 Det \u00e4r bara efter en stund, som hela bilden tr\u00e4der fram.\u00a0 Vid f\u00f6rsta anblicken \u00e4r det ett enkelt tecknande av milj\u00f6 och natur, men efter en stund s\u00e5 tr\u00e4der fler toner, detaljer och scheman upp.\u00a0 P\u00e5 samma s\u00e4tt som en fotografisk bild v\u00e4xer fram i framkallningsbadet, s\u00e5 v\u00e4xer Oskars bilder upp till en annan niv\u00e5 i uts\u00e4llningsform.\u00a0 Fixeringen av bildeen blir din egen, personliga detalj.\u00a0 Du v\u00e4ljer sj\u00e4lv<strong><em>, <\/em><\/strong>n\u00e4r du f\u00e5tt tillr\u00e4cklig detaljrikedom och sk\u00e4rpa.<\/p>\n<p>Oskar r\u00e5kade ut f\u00f6r en rad \u00e4ventyr under sin vistelse p\u00e5 Kuba.\u00a0 Han tr\u00e4ffade m\u00e4nniskor och s\u00e5g milj\u00f6er.\u00a0 Han redog\u00f6r noggrant f\u00f6r den bensin doft som slog emot honom i taxin fr\u00e5n flygplatsen, en doft som tvingade dem att k\u00f6ra med alla f\u00f6nster nere.\u00a0 Maten, milj\u00f6n, f\u00e4rgerna, dofterna, allt \u00e4r en del av Oskars upplevelse, som han sedan har filtrerat ner i de exempell\u00f6sa handgjorda kopiorna av en svart vit v\u00e4rld, som utan kontext inte omedelbart uppger sig vara Kuba.\u00a0 Utan de stora collagen med sm\u00e5bild skulle det vara sv\u00e5rt att visuellt konstatera geografiskt eller kulturellt ursprung p\u00e5 fotografierna.<\/p>\n<p>Kuba \u00e4r med andra ord bara fonden f\u00f6r Oskars k\u00e4rlek till fotografiet, hans envisa f\u00f6rm\u00e5ga till analogt fotografi och stora k\u00e4nsla f\u00f6r romantikens bildv\u00e4v.<\/p>\n<p>Det \u00e4r s\u00e4llan som vi nu f\u00f6r tiden f\u00e5r st\u00e4lla ut och se, \u201driktiga\u201d fotografier.\u00a0 D<strong><em>e<\/em><\/strong>t mesta \u00e4r digitalt, n\u00e4stan hela v\u00e4rlden \u00e4r digital, p\u00e5 alla plan.\u00a0 I det perspektivet s\u00e5 \u00e4r Oskars bilder och hans resa ett undantag som bekr\u00e4fter regeln.\u00a0 Det \u00e4r inte omodernt. Inte p\u00e5 n\u00e5got s\u00e4tt \u201dout of date\u201d, snarare tv\u00e4rt om.\u00a0 Det visar p\u00e5 en genuin kunskap om fotografi<strong>,<\/strong> om v\u00e5r historia, om konst och litteratur, d\u00e4r man m\u00f6jligen kan antyda en \u00f6nskan om att \u201d ta det lite lugnare\u201d.<\/p>\n<p>Kuba p\u00e5 Oskar Ohlsons s\u00e4tt.\u00a0 V\u00e4lkomna !<\/p>\n<p>Text: Petter \u00d6sterlund Feb-2014<\/p>\n","protected":false},"excerpt":{"rendered":"<p>Oskar \u00e5kte till Kuba och fotograferade, men bilderna kunde lika v\u00e4l vara fr\u00e5n Mallorca, Paris eller Sveg.\u00a0 Oskars fotografier \u00e4r utan geografisk koppling.\u00a0 De \u00e4r visuella experiment d\u00e4r tid, rum och plats upph\u00f6r att vara det inneh\u00e5llsm\u00e4ssigt viktiga. Det existerar ett romantiskt skimmer \u00f6ver Oskars bilder.\u00a0 Likt Caspar David Friedrish m\u00e5leri eller romantikens litteratur, s\u00e5&#8230;  <a class=\"excerpt-read-more\" href=\"https:\/\/silkeselenium.se\/oskar\/exhibition\/sundsvalls-fotomuseum\/\" title=\"Read Sundsvalls Fotomuseum\">Read more &raquo;<\/a><\/p>\n","protected":false},"author":1,"featured_media":0,"parent":3151,"menu_order":0,"comment_status":"open","ping_status":"open","template":"","meta":{"_acf_changed":false,"ngg_post_thumbnail":0,"footnotes":""},"class_list":["post-2408","page","type-page","status-publish","hentry"],"acf":[],"_links":{"self":[{"href":"https:\/\/silkeselenium.se\/oskar\/wp-json\/wp\/v2\/pages\/2408","targetHints":{"allow":["GET"]}}],"collection":[{"href":"https:\/\/silkeselenium.se\/oskar\/wp-json\/wp\/v2\/pages"}],"about":[{"href":"https:\/\/silkeselenium.se\/oskar\/wp-json\/wp\/v2\/types\/page"}],"author":[{"embeddable":true,"href":"https:\/\/silkeselenium.se\/oskar\/wp-json\/wp\/v2\/users\/1"}],"replies":[{"embeddable":true,"href":"https:\/\/silkeselenium.se\/oskar\/wp-json\/wp\/v2\/comments?post=2408"}],"version-history":[{"count":4,"href":"https:\/\/silkeselenium.se\/oskar\/wp-json\/wp\/v2\/pages\/2408\/revisions"}],"predecessor-version":[{"id":2418,"href":"https:\/\/silkeselenium.se\/oskar\/wp-json\/wp\/v2\/pages\/2408\/revisions\/2418"}],"up":[{"embeddable":true,"href":"https:\/\/silkeselenium.se\/oskar\/wp-json\/wp\/v2\/pages\/3151"}],"wp:attachment":[{"href":"https:\/\/silkeselenium.se\/oskar\/wp-json\/wp\/v2\/media?parent=2408"}],"curies":[{"name":"wp","href":"https:\/\/api.w.org\/{rel}","templated":true}]}}